{"id":92,"date":"2011-09-27T20:51:43","date_gmt":"2011-09-27T20:51:43","guid":{"rendered":"http:\/\/www.grupojpimenta.com\/?page_id=92"},"modified":"2011-10-07T14:25:13","modified_gmt":"2011-10-07T14:25:13","slug":"apresentacao","status":"publish","type":"page","link":"https:\/\/www.grupojpimenta.com\/?page_id=92","title":{"rendered":"Apresenta\u00e7\u00e3o"},"content":{"rendered":"<p>Constitu\u00edda em 1981 com finalidade de Com\u00e9rcio de combust\u00edveis (postos de abastecimentos da Galp), distribui\u00e7\u00e3o de g\u00e1s e \u00f3leos.<\/p>\n<p>&nbsp;<\/p>\n<p>\u00c1rea geogr\u00e1fica: Minho<\/p>\n","protected":false},"excerpt":{"rendered":"<p>Constitu\u00edda em 1981 com finalidade de Com\u00e9rcio de combust\u00edveis (postos [&hellip;]<\/p>\n","protected":false},"author":3,"featured_media":0,"parent":90,"menu_order":0,"comment_status":"open","ping_status":"closed","template":"grupo.php","meta":{"ngg_post_thumbnail":0,"footnotes":""},"class_list":["post-92","page","type-page","status-publish","hentry"],"_links":{"self":[{"href":"https:\/\/www.grupojpimenta.com\/index.php?rest_route=\/wp\/v2\/pages\/92","targetHints":{"allow":["GET"]}}],"collection":[{"href":"https:\/\/www.grupojpimenta.com\/index.php?rest_route=\/wp\/v2\/pages"}],"about":[{"href":"https:\/\/www.grupojpimenta.com\/index.php?rest_route=\/wp\/v2\/types\/page"}],"author":[{"embeddable":true,"href":"https:\/\/www.grupojpimenta.com\/index.php?rest_route=\/wp\/v2\/users\/3"}],"replies":[{"embeddable":true,"href":"https:\/\/www.grupojpimenta.com\/index.php?rest_route=%2Fwp%2Fv2%2Fcomments&post=92"}],"version-history":[{"count":7,"href":"https:\/\/www.grupojpimenta.com\/index.php?rest_route=\/wp\/v2\/pages\/92\/revisions"}],"predecessor-version":[{"id":429,"href":"https:\/\/www.grupojpimenta.com\/index.php?rest_route=\/wp\/v2\/pages\/92\/revisions\/429"}],"up":[{"embeddable":true,"href":"https:\/\/www.grupojpimenta.com\/index.php?rest_route=\/wp\/v2\/pages\/90"}],"wp:attachment":[{"href":"https:\/\/www.grupojpimenta.com\/index.php?rest_route=%2Fwp%2Fv2%2Fmedia&parent=92"}],"curies":[{"name":"wp","href":"https:\/\/api.w.org\/{rel}","templated":true}]}}