{"id":82,"date":"2011-09-27T20:50:21","date_gmt":"2011-09-27T20:50:21","guid":{"rendered":"http:\/\/www.grupojpimenta.com\/?page_id=82"},"modified":"2011-10-07T14:25:02","modified_gmt":"2011-10-07T14:25:02","slug":"apresentacao","status":"publish","type":"page","link":"https:\/\/www.grupojpimenta.com\/?page_id=82","title":{"rendered":"Apresenta\u00e7\u00e3o"},"content":{"rendered":"<p>Constitu\u00edda em 1996 com a finalidade de Compra e venda de Bens Im\u00f3veis, revenda dos adquiridos para esse fim, arrendamentos, gest\u00e3o e consultadoria Imobili\u00e1ria, urbaniza\u00e7\u00e3o de terrenos e constru\u00e7\u00e3o de im\u00f3veis.<\/p>\n<p>Estas actividades podem ser levadas a cabo exclusivamente pela Sopimenta ou em sociedades em que participa:<\/p>\n<p>&#8211; Sopimenta &amp; Coelhos \u2013 Sociedade Imobili\u00e1ria Lda<br \/>\n&#8211; Costa, Silva &amp; Rebelo \u2013 Im\u00f3veis do Lima Lda<br \/>\n&#8211; Sobral \u2013 Sociedade Imobili\u00e1ria de Compra e Venda de Propriedades, Lda<\/p>\n<p>\u00c1rea geogr\u00e1fica: Minho.<\/p>\n","protected":false},"excerpt":{"rendered":"<p>Constitu\u00edda em 1996 com a finalidade de Compra e venda [&hellip;]<\/p>\n","protected":false},"author":3,"featured_media":0,"parent":80,"menu_order":0,"comment_status":"open","ping_status":"closed","template":"grupo.php","meta":{"ngg_post_thumbnail":0,"footnotes":""},"class_list":["post-82","page","type-page","status-publish","hentry"],"_links":{"self":[{"href":"https:\/\/www.grupojpimenta.com\/index.php?rest_route=\/wp\/v2\/pages\/82","targetHints":{"allow":["GET"]}}],"collection":[{"href":"https:\/\/www.grupojpimenta.com\/index.php?rest_route=\/wp\/v2\/pages"}],"about":[{"href":"https:\/\/www.grupojpimenta.com\/index.php?rest_route=\/wp\/v2\/types\/page"}],"author":[{"embeddable":true,"href":"https:\/\/www.grupojpimenta.com\/index.php?rest_route=\/wp\/v2\/users\/3"}],"replies":[{"embeddable":true,"href":"https:\/\/www.grupojpimenta.com\/index.php?rest_route=%2Fwp%2Fv2%2Fcomments&post=82"}],"version-history":[{"count":7,"href":"https:\/\/www.grupojpimenta.com\/index.php?rest_route=\/wp\/v2\/pages\/82\/revisions"}],"predecessor-version":[{"id":428,"href":"https:\/\/www.grupojpimenta.com\/index.php?rest_route=\/wp\/v2\/pages\/82\/revisions\/428"}],"up":[{"embeddable":true,"href":"https:\/\/www.grupojpimenta.com\/index.php?rest_route=\/wp\/v2\/pages\/80"}],"wp:attachment":[{"href":"https:\/\/www.grupojpimenta.com\/index.php?rest_route=%2Fwp%2Fv2%2Fmedia&parent=82"}],"curies":[{"name":"wp","href":"https:\/\/api.w.org\/{rel}","templated":true}]}}