{"id":57,"date":"2011-09-27T05:23:40","date_gmt":"2011-09-27T05:23:40","guid":{"rendered":"http:\/\/www.grupojpimenta.com\/?page_id=57"},"modified":"2011-11-25T18:38:00","modified_gmt":"2011-11-25T18:38:00","slug":"apresentacao","status":"publish","type":"page","link":"https:\/\/www.grupojpimenta.com\/?page_id=57","title":{"rendered":"Apresenta\u00e7\u00e3o"},"content":{"rendered":"<p>Casa centen\u00e1ria localizada no Minho, concelho de Ponte de Lima, a vila mais antiga de Portugal. Situada na freguesia de Rebord\u00f5es, St\u00aa Maria, a uma dist\u00e2ncia de cerca de 3 Km de Ponte de Lima e com bons acessos. Est\u00e1 inserida num pequeno vale, sendo a propriedade circundada pelo rio Trovela, que desagua no rio Lima, constitu\u00edda por 6 Ha divididos por diversos espa\u00e7os assim como: bou\u00e7a, castanheiros, olival, vinha e \u00e1rea de lazer com piscina. O conjunto arquitect\u00f3nico em alvenaria mista de granito e xisto, \u00e9 constitu\u00eddo por dois corpos distintos denominados por Casa do Moinho e Casa da Azenha.<\/p>\n<p>&nbsp;<\/p>\n<p><strong>Casa do Moinho<\/strong><\/p>\n<p>Preserva ainda o moinho com a laje e as m\u00f3s originais, assim como a levada da \u00e1gua. \u00c9 composta por uma cozinha, uma sala com lareira, 3 quartos e duas casas de banho. O torre\u00e3o constitui um dos quartos no andar superior<\/p>\n<p>&nbsp;<\/p>\n<p><strong>Casa da Azenha<\/strong><\/p>\n<p>Situada na parte superior da piscina. Com sala, lareira, uma pequena cozinha e dois quartos, com casa de banho privativa e entrada individual.<\/p>\n<p>ngg_shortcode_0_placeholder<\/p>\n","protected":false},"excerpt":{"rendered":"<p>Casa centen\u00e1ria localizada no Minho, concelho de Ponte de Lima, [&hellip;]<\/p>\n","protected":false},"author":3,"featured_media":0,"parent":52,"menu_order":0,"comment_status":"open","ping_status":"closed","template":"grupo.php","meta":{"ngg_post_thumbnail":0,"footnotes":""},"class_list":["post-57","page","type-page","status-publish","hentry"],"_links":{"self":[{"href":"https:\/\/www.grupojpimenta.com\/index.php?rest_route=\/wp\/v2\/pages\/57","targetHints":{"allow":["GET"]}}],"collection":[{"href":"https:\/\/www.grupojpimenta.com\/index.php?rest_route=\/wp\/v2\/pages"}],"about":[{"href":"https:\/\/www.grupojpimenta.com\/index.php?rest_route=\/wp\/v2\/types\/page"}],"author":[{"embeddable":true,"href":"https:\/\/www.grupojpimenta.com\/index.php?rest_route=\/wp\/v2\/users\/3"}],"replies":[{"embeddable":true,"href":"https:\/\/www.grupojpimenta.com\/index.php?rest_route=%2Fwp%2Fv2%2Fcomments&post=57"}],"version-history":[{"count":9,"href":"https:\/\/www.grupojpimenta.com\/index.php?rest_route=\/wp\/v2\/pages\/57\/revisions"}],"predecessor-version":[{"id":335,"href":"https:\/\/www.grupojpimenta.com\/index.php?rest_route=\/wp\/v2\/pages\/57\/revisions\/335"}],"up":[{"embeddable":true,"href":"https:\/\/www.grupojpimenta.com\/index.php?rest_route=\/wp\/v2\/pages\/52"}],"wp:attachment":[{"href":"https:\/\/www.grupojpimenta.com\/index.php?rest_route=%2Fwp%2Fv2%2Fmedia&parent=57"}],"curies":[{"name":"wp","href":"https:\/\/api.w.org\/{rel}","templated":true}]}}